{"id":86,"date":"2016-04-06T16:50:35","date_gmt":"2016-04-06T15:50:35","guid":{"rendered":"http:\/\/speleo70.fr\/?page_id=86"},"modified":"2019-02-03T16:57:47","modified_gmt":"2019-02-03T15:57:47","slug":"info-ligue","status":"publish","type":"page","link":"http:\/\/speleo70.fr\/?page_id=86","title":{"rendered":"Ressources"},"content":{"rendered":"<p>Le projet associatif 2017 du CDS est destin\u00e9 aider et guider les clubs de Haute-sa\u00f4ne dans l&rsquo;organisation de leurs actions.<\/p>\n<p><a href=\"http:\/\/speleo70.fr\/wp-content\/uploads\/2016\/04\/projet-associatif-2017.pdf\">projet associatif 2017<\/a><\/p>\n<h2>Nouveaut\u00e9 !<\/h2>\n<p><span style=\"font-weight: 400;\">le Compte d\u2019Engagement Citoyen permet d\u00e9sormais aux b\u00e9n\u00e9voles de comptabiliser leur temps de travail dans une association afin de donner droit \u00e0 des points de formation dans leur compte personnel d\u2019activit\u00e9.<\/span><\/p>\n<p><span style=\"font-weight: 400;\">Chaque b\u00e9n\u00e9vole peut d\u00e9clarer ces heures de b\u00e9n\u00e9volat annuel en cr\u00e9ant un compte <\/span><a href=\"https:\/\/lecomptebenevole.associations.gouv.fr\/login\"><span style=\"font-weight: 400;\">https:\/\/lecomptebenevole.associations.gouv.fr\/login<\/span><\/a><\/p>\n<p><span style=\"font-weight: 400;\">jusqu\u2019au 28 f\u00e9vrier pour les heures comptabilis\u00e9es en 2017. Les activit\u00e9s de b\u00e9n\u00e9volat r\u00e9alis\u00e9es en 2018 doivent \u00eatre d\u00e9clar\u00e9es entre le 1er mars et le 31 juin 2019.<\/span><\/p>\n<p><span style=\"font-weight: 400;\">Il faut comptabiliser au moins 200 heures de b\u00e9n\u00e9volat (dont 100 h dans la m\u00eame association) pour b\u00e9n\u00e9ficier de droits \u00e0 la formation sur son compte d\u2019activit\u00e9.<\/span><\/p>\n<p><a href=\"https:\/\/www.moncompteactivite.gouv.fr\/\"><span style=\"font-weight: 400;\">https:\/\/www.moncompteactivite.gouv.fr\/<\/span><\/a><span style=\"font-weight: 400;\">.<\/span><\/p>\n<p><span style=\"font-weight: 400;\">Les droits acquis permettent de financer n\u2019importe quelle formation (formation d\u2019anglais, de management, de plombier soudeur, le permis de conduire\u2026). cette disposition ne s\u2019adresse pas aux fonctionnaires ou aux contractuels.<\/span><\/p>\n<p>Faites vous connaitre aupr\u00e8s de votre dirigeant d&rsquo;association !<\/p>\n<p>&nbsp;<\/p>\n<p>&nbsp;<\/p>\n<p>&nbsp;<\/p>\n<p>&nbsp;<\/p>\n<p>&nbsp;<\/p>\n","protected":false},"excerpt":{"rendered":"<p>Le projet associatif 2017 du CDS est destin\u00e9 aider et guider les clubs de Haute-sa\u00f4ne dans l&rsquo;organisation de leurs actions. projet associatif 2017 Nouveaut\u00e9 ! le Compte d\u2019Engagement Citoyen permet d\u00e9sormais aux b\u00e9n\u00e9voles de comptabiliser leur temps de travail dans une association afin de donner droit \u00e0 des points de formation dans leur compte personnel [&hellip;]<\/p>\n","protected":false},"author":1,"featured_media":0,"parent":0,"menu_order":0,"comment_status":"closed","ping_status":"closed","template":"","meta":[],"_links":{"self":[{"href":"http:\/\/speleo70.fr\/index.php?rest_route=\/wp\/v2\/pages\/86"}],"collection":[{"href":"http:\/\/speleo70.fr\/index.php?rest_route=\/wp\/v2\/pages"}],"about":[{"href":"http:\/\/speleo70.fr\/index.php?rest_route=\/wp\/v2\/types\/page"}],"author":[{"embeddable":true,"href":"http:\/\/speleo70.fr\/index.php?rest_route=\/wp\/v2\/users\/1"}],"replies":[{"embeddable":true,"href":"http:\/\/speleo70.fr\/index.php?rest_route=%2Fwp%2Fv2%2Fcomments&post=86"}],"version-history":[{"count":9,"href":"http:\/\/speleo70.fr\/index.php?rest_route=\/wp\/v2\/pages\/86\/revisions"}],"predecessor-version":[{"id":147,"href":"http:\/\/speleo70.fr\/index.php?rest_route=\/wp\/v2\/pages\/86\/revisions\/147"}],"wp:attachment":[{"href":"http:\/\/speleo70.fr\/index.php?rest_route=%2Fwp%2Fv2%2Fmedia&parent=86"}],"curies":[{"name":"wp","href":"https:\/\/api.w.org\/{rel}","templated":true}]}}