{"id":72,"date":"2016-03-29T18:42:58","date_gmt":"2016-03-29T17:42:58","guid":{"rendered":"http:\/\/speleo70.fr\/?page_id=72"},"modified":"2016-03-29T20:05:11","modified_gmt":"2016-03-29T19:05:11","slug":"zonage-basekarst-de-haute-saone","status":"publish","type":"page","link":"http:\/\/speleo70.fr\/?page_id=72","title":{"rendered":"Zonage basekarst de Haute-Sa\u00f4ne"},"content":{"rendered":"<h1>Zone GSML<\/h1>\n<p>Contributeurs Basekarst : Jean-Marie FROSSARD \u2013 Jean-Luc KAMMERER \u2013 Yvan THEVENET<\/p>\n<h2><b>CANTONS :\u00a0<\/b><\/h2>\n<p><strong>VILLERSEXEL EST<\/strong> : \u00e0 partir de Longevelle \u2013 Villersexel \u2013 Autrey le Vay \u2013 Pont sur l\u2019Ognon (l\u2019Ognon fait la limite)<\/p>\n<p><strong>\u00e0 consulter et t\u00e9l\u00e9charger\u00a0<a href=\"http:\/\/www.haute-saone.gouv.fr\/content\/download\/8395\/58695\/file\/canton%2017%20VILLERSEXEL%202015.pdf\" target=\"_blank\">ici<\/a><\/strong><\/p>\n<p>&nbsp;<\/p>\n<p><strong>LURE 1 EST<\/strong> : \u00e0 partir de La Neuvelle les Lure (l\u2019Ognon fait la limite)<\/p>\n<p><strong>\u00e0\u00a0consulter et t\u00e9l\u00e9charger\u00a0<a href=\"http:\/\/www.haute-saone.gouv.fr\/content\/download\/8381\/58639\/file\/canton%206%20LURE-1%202015.pdf\" target=\"_blank\">ici<\/a><\/strong><\/p>\n<p>&nbsp;<\/p>\n<p><strong>LURE 2 :<\/strong><\/p>\n<p><strong>\u00e0\u00a0consulter et t\u00e9l\u00e9charger\u00a0<a href=\"http:\/\/www.haute-saone.gouv.fr\/content\/download\/8382\/58643\/file\/canton%207%20LURE-2%202015.pdf\" target=\"_blank\">ici<\/a><\/strong><\/p>\n<p>&nbsp;<\/p>\n<p><strong>HERICOURT 1<\/strong> : Brevilliers \u2013 Chagey \u2013 Chalonvillars \u2013 Champagney \u2013 Clairegoutte \u2013 Echevanne \u2013 Echenans sous Mont Vaudois \u2013 Errevet \u2013 Frahier et Chatebier \u2013 Frederic Fontaine \u2013 H\u00e9ricourt 1 \u2013 Luze \u2013 Mandrevillars \u2013 Plancher Bas \u2013 Plancher les Mines.<\/p>\n<p><strong>\u00e0\u00a0consulter et t\u00e9l\u00e9charger\u00a0<a href=\"http:\/\/www.haute-saone.gouv.fr\/content\/download\/8396\/58699\/file\/canton%203%20HERICOURT-1%202015.pdf\" target=\"_blank\">ici<\/a><\/strong><\/p>\n<p>&nbsp;<\/p>\n<p><strong>HERICOURT 2<\/strong> : Belverne \u2013 Champey \u2013 Chavanne \u2013 Chenebier \u2013 Coisevaux \u2013 Courmont \u2013 Couthenans \u2013 Etobon \u2013 H\u00e9ricourt 2 \u2013 Saulnot \u2013 Tavey \u2013 Tr\u00e9moins \u2013 Verlans \u2013 Villers sur Saulnot \u2013 Vyans le Val.<\/p>\n<p><strong>\u00e0\u00a0consulter et t\u00e9l\u00e9charger\u00a0<a href=\"http:\/\/www.haute-saone.gouv.fr\/content\/download\/8379\/58631\/file\/canton%204%20HERICOURT-2%202015.pdf\" target=\"_blank\">ici<\/a><\/strong><\/p>\n<p>&nbsp;<\/p>\n<p><strong>MELISEY :<\/strong><\/p>\n<p><strong>\u00e0\u00a0consulter et t\u00e9l\u00e9charger\u00a0<a href=\"http:\/\/www.haute-saone.gouv.fr\/content\/download\/8385\/58655\/file\/canton%2010%20MELISEY%202015.pdf\" target=\"_blank\">ici<\/a><\/strong><\/p>\n<p>&nbsp;<\/p>\n<p><strong>LUXEUIL :<\/strong><\/p>\n<p><strong>\u00e0\u00a0consulter et t\u00e9l\u00e9charger\u00a0<a href=\"http:\/\/www.haute-saone.gouv.fr\/content\/download\/8383\/58647\/file\/canton%208%20LUXEUIL%20LES%20BAINS%202015.pdf\" target=\"_blank\">ici<\/a><\/strong><\/p>\n<p>&nbsp;<\/p>\n<h1><b>Zone SCV\u00a0<\/b><\/h1>\n<p>Contributeurs Basekarst : Bernard DETOUILLON \u2013 Jean-Luc GERAL<\/p>\n<h2><b>CANTONS :\u00a0<\/b><\/h2>\n<p><strong>ST LOUP SUR SEMOUSE SUD<\/strong> : jusqu\u2019 \u00e0 Conflans sur Lanterne &#8211; Briaucourt (la Lanterne fait la limite)<\/p>\n<p><strong>\u00e0\u00a0consulter et t\u00e9l\u00e9charger\u00a0<a href=\"http:\/\/www.haute-saone.gouv.fr\/content\/download\/8391\/58679\/file\/canton%2013%20SAINT-LOUP%20SUR%20SEMOUSE%202015.pdf\" target=\"_blank\">ici<\/a><\/strong><\/p>\n<p>&nbsp;<\/p>\n<p><strong>PORT SUR SAONE SUD<\/strong> : jusqu\u2019 \u00e0 Conflandey \u2013 Faverney \u2013 Mersuay (la Lanterne fait la limite).<\/p>\n<p><strong>\u00e0\u00a0consulter et t\u00e9l\u00e9charger\u00a0<a href=\"http:\/\/www.haute-saone.gouv.fr\/content\/download\/8387\/58663\/file\/canton%2011%20PORT%20SUR%20SAONE%202015.pdf\" target=\"_blank\">ici<\/a><\/strong><\/p>\n<p>&nbsp;<\/p>\n<p><strong>LURE 1 OUEST<\/strong> : jusqu\u2019 \u00e0 La Neuvelle les Lure (l\u2019Ognon fait la limite)<\/p>\n<p><strong>\u00e0\u00a0consulter et t\u00e9l\u00e9charger\u00a0<a href=\"http:\/\/www.haute-saone.gouv.fr\/content\/download\/8381\/58639\/file\/canton%206%20LURE-1%202015.pdf\" target=\"_blank\">ici<\/a><\/strong><\/p>\n<p>&nbsp;<\/p>\n<p><strong>VILLERSEXEL OUEST<\/strong> : jusqu\u2019 \u00e0 Longevelle \u2013 Villersexel \u2013 Autrey le Vay \u2013 Pont sur l\u2019Ognon (l\u2019Ognon fait la limite)<\/p>\n<p><strong>\u00e0\u00a0consulter et t\u00e9l\u00e9charger\u00a0<a href=\"http:\/\/www.haute-saone.gouv.fr\/content\/download\/8395\/58695\/file\/canton%2017%20VILLERSEXEL%202015.pdf\" target=\"_blank\">ici<\/a><\/strong><\/p>\n<p>&nbsp;<\/p>\n<p><strong>VESOUL 1<\/strong> :<\/p>\n<p><strong>\u00e0\u00a0consulter et t\u00e9l\u00e9charger\u00a0<a href=\"http:\/\/www.haute-saone.gouv.fr\/content\/download\/8393\/58687\/file\/canton%2015%20VESOUL-1%202015.pdf\" target=\"_blank\">ici<\/a><\/strong><\/p>\n<p>&nbsp;<\/p>\n<p><strong>VESOUL 2<\/strong> :<\/p>\n<p><strong>\u00e0\u00a0consulter et t\u00e9l\u00e9charger\u00a0<a href=\"http:\/\/www.haute-saone.gouv.fr\/content\/download\/8394\/58691\/file\/canton%2016%20VESOUL-2%202015.pdf\" target=\"_blank\">ici<\/a><\/strong><\/p>\n<p>&nbsp;<\/p>\n<p><strong>SCEY SUR SAONE SUD<\/strong> : jusqu\u2019 \u00e0 Rupt sur Sa\u00f4ne \u2013 Ovanche \u2013 Scey sur Sa\u00f4ne (la Sa\u00f4ne fait la limite).<\/p>\n<p><strong>\u00e0\u00a0consulter et t\u00e9l\u00e9charger\u00a0<a href=\"http:\/\/www.haute-saone.gouv.fr\/content\/download\/8392\/58683\/file\/canton%2014%20SCEY-SUR-SAONE%20ET%20SAINT-ALBIN%202015.pdf\" target=\"_blank\">ici<\/a><\/strong><\/p>\n<p>&nbsp;<\/p>\n<p><strong>RIOZ :<\/strong><\/p>\n<p><strong>\u00e0\u00a0consulter et t\u00e9l\u00e9charger\u00a0<a href=\"http:\/\/www.haute-saone.gouv.fr\/content\/download\/8390\/58675\/file\/canton%2012%20RIOZ%202015.pdf\" target=\"_blank\">ici<\/a><\/strong><\/p>\n<p>&nbsp;<\/p>\n<p><strong>GRAY SUD<\/strong> : jusqu\u2019 \u00e0 Essertenne \u2013 Mantoche \u2013 Arc les Gray (la Sa\u00f4ne fait la limite).<\/p>\n<p><strong>\u00e0\u00a0consulter et t\u00e9l\u00e9charger\u00a0<a href=\"http:\/\/www.haute-saone.gouv.fr\/content\/download\/8375\/58615\/file\/canton%202%20GRAY%202015.pdf\" target=\"_blank\">ici<\/a><\/strong><\/p>\n<p>&nbsp;<\/p>\n<p><strong>MARNAY :<\/strong><\/p>\n<p><strong>\u00e0\u00a0consulter et t\u00e9l\u00e9charger\u00a0<a href=\"http:\/\/www.haute-saone.gouv.fr\/content\/download\/8384\/58651\/file\/canton%209%20MARNAY%202015.pdf\" target=\"_blank\">ici<\/a><\/strong><\/p>\n<p>&nbsp;<\/p>\n<h1><b>ZONE ASHVS\u00a0<\/b><\/h1>\n<p>Contributeurs Basekarst : Laurent GALMICHE \u2013 Damien GRANDCOLAS<\/p>\n<h2><b>CANTONS :\u00a0<\/b><\/h2>\n<p><strong>ST LOUP SUR SEMOUSE NORD<\/strong> : \u00e0 partir de Conflans sur Lanterne &#8211; Briaucourt (la Lanterne fait la limite)<\/p>\n<p><strong>\u00e0\u00a0consulter et t\u00e9l\u00e9charger\u00a0<a href=\"http:\/\/www.haute-saone.gouv.fr\/content\/download\/8391\/58679\/file\/canton%2013%20SAINT-LOUP%20SUR%20SEMOUSE%202015.pdf\" target=\"_blank\">ici<\/a><\/strong><\/p>\n<p>&nbsp;<\/p>\n<p><strong>PORT SUR SAONE NORD<\/strong> : \u00e0 partir de Conflandey \u2013 Faverney \u2013 Mersuay (la Lanterne fait la limite).<\/p>\n<p><strong>\u00e0\u00a0consulter et t\u00e9l\u00e9charger\u00a0<a href=\"http:\/\/www.haute-saone.gouv.fr\/content\/download\/8387\/58663\/file\/canton%2011%20PORT%20SUR%20SAONE%202015.pdf\" target=\"_blank\">ici<\/a><\/strong><\/p>\n<p>&nbsp;<\/p>\n<p><strong>SCEY SUR SAONE NORD<\/strong> : \u00e0 partir de Rupt sur Sa\u00f4ne \u2013 Ovanche \u2013 Scey sur Sa\u00f4ne (la Sa\u00f4ne fait la limite).<\/p>\n<p><strong>\u00e0\u00a0consulter et t\u00e9l\u00e9charger\u00a0<a href=\"http:\/\/www.haute-saone.gouv.fr\/content\/download\/8392\/58683\/file\/canton%2014%20SCEY-SUR-SAONE%20ET%20SAINT-ALBIN%202015.pdf\" target=\"_blank\">ici<\/a><\/strong><\/p>\n<p>&nbsp;<\/p>\n<p><strong>JUSSEY :<\/strong><\/p>\n<p><strong>\u00e0\u00a0consulter et t\u00e9l\u00e9charger\u00a0<a href=\"http:\/\/www.haute-saone.gouv.fr\/content\/download\/8380\/58635\/file\/canton%205%20JUSSEY%202015.pdf\" target=\"_blank\">ici<\/a><\/strong><\/p>\n<p>&nbsp;<\/p>\n<p><strong>DAMPIERRE SUR SALON :<\/strong><\/p>\n<p><strong>\u00e0\u00a0consulter et t\u00e9l\u00e9charger\u00a0<a href=\"http:\/\/www.haute-saone.gouv.fr\/content\/download\/8374\/58611\/file\/canton%201%20DAMPIERRE%20SUR%20SALON%202015.pdf\" target=\"_blank\">ici<\/a><\/strong><\/p>\n<p>&nbsp;<\/p>\n<p><strong>GRAY NORD :<\/strong> \u00e0 partir de Essertenne \u2013 Mantoche \u2013 Arc les Gray (la Sa\u00f4ne fait la limite).<\/p>\n<p><strong>\u00e0\u00a0consulter et t\u00e9l\u00e9charger\u00a0<a href=\"http:\/\/www.haute-saone.gouv.fr\/content\/download\/8375\/58615\/file\/canton%202%20GRAY%202015.pdf\" target=\"_blank\">ici<\/a><\/strong><\/p>\n<p>&nbsp;<\/p>\n","protected":false},"excerpt":{"rendered":"<p>Zone GSML Contributeurs Basekarst : Jean-Marie FROSSARD \u2013 Jean-Luc KAMMERER \u2013 Yvan THEVENET CANTONS :\u00a0 VILLERSEXEL EST : \u00e0 partir de Longevelle \u2013 Villersexel \u2013 Autrey le Vay \u2013 Pont sur l\u2019Ognon (l\u2019Ognon fait la limite) \u00e0 consulter et t\u00e9l\u00e9charger\u00a0ici &nbsp; LURE 1 EST : \u00e0 partir de La Neuvelle les Lure (l\u2019Ognon fait la [&hellip;]<\/p>\n","protected":false},"author":1,"featured_media":0,"parent":0,"menu_order":0,"comment_status":"closed","ping_status":"closed","template":"","meta":[],"_links":{"self":[{"href":"http:\/\/speleo70.fr\/index.php?rest_route=\/wp\/v2\/pages\/72"}],"collection":[{"href":"http:\/\/speleo70.fr\/index.php?rest_route=\/wp\/v2\/pages"}],"about":[{"href":"http:\/\/speleo70.fr\/index.php?rest_route=\/wp\/v2\/types\/page"}],"author":[{"embeddable":true,"href":"http:\/\/speleo70.fr\/index.php?rest_route=\/wp\/v2\/users\/1"}],"replies":[{"embeddable":true,"href":"http:\/\/speleo70.fr\/index.php?rest_route=%2Fwp%2Fv2%2Fcomments&post=72"}],"version-history":[{"count":11,"href":"http:\/\/speleo70.fr\/index.php?rest_route=\/wp\/v2\/pages\/72\/revisions"}],"predecessor-version":[{"id":84,"href":"http:\/\/speleo70.fr\/index.php?rest_route=\/wp\/v2\/pages\/72\/revisions\/84"}],"wp:attachment":[{"href":"http:\/\/speleo70.fr\/index.php?rest_route=%2Fwp%2Fv2%2Fmedia&parent=72"}],"curies":[{"name":"wp","href":"https:\/\/api.w.org\/{rel}","templated":true}]}}