{"id":138,"date":"2019-02-03T16:30:33","date_gmt":"2019-02-03T15:30:33","guid":{"rendered":"http:\/\/speleo70.fr\/?page_id=138"},"modified":"2019-07-16T13:04:38","modified_gmt":"2019-07-16T12:04:38","slug":"plonger-au-frais-puits","status":"publish","type":"page","link":"http:\/\/speleo70.fr\/?page_id=138","title":{"rendered":"Plonger au Frais Puits"},"content":{"rendered":"<p>Une demande d&rsquo;autorisation au CDS70 est n\u00e9cessaire pour plonger au Frais Puits<\/p>\n<p>cds70@ffspeleo.fr &#8211; T\u00e9l. 06 37 60 29 85 (V\u00e9ronique OLIVIER)<\/p>\n<p>Les conditions pour plonger sont :<\/p>\n<ul>\n<li>\u00catre affili\u00e9 \u00e0 une f\u00e9d\u00e9ration \u00a0: FFS ou FFESSM<\/li>\n<li>Plonger avec un \u00e9quipement redondant<\/li>\n<li>Avoir un fil de 50 m et 2 s\u00e9cateurs<\/li>\n<li>Porter 2 \u00e9clairages sur son casque<\/li>\n<\/ul>\n<h2>Hommage \u00e0 Sylvain Redoutey<\/h2>\n<p>Nous\u00a0connaissons beaucoup d&rsquo;\u00e9l\u00e9ments hydrog\u00e9ologiques sur le Frais Puits gr\u00e2ce un plongeur exceptionnel, qui, pendant une vingtaine d&rsquo;ann\u00e9es, a\u00a0fait de ce r\u00e9seau son espace\u00a0d&rsquo;exploration favori. Sylvain Redoutey, membre du Sp\u00e9l\u00e9o Club de Vesoul, avait encore essay\u00e9 son nouveau scooter en juin 2019 dans les entrailles de cette rivi\u00e8re avant de partir participer \u00e0 un documentaire \u00e0 la grotte de la Mescla (06). Il y est tragiquement d\u00e9c\u00e9d\u00e9 le 12 juillet 2019, laissant la communaut\u00e9 sp\u00e9l\u00e9o, sa famille, ses amis, abasourdis,\u00a0\u00e9bahis\u00a0de chagrin.<\/p>\n<p>Il \u00a0nous a sembl\u00e9 n\u00e9cessaire de laisser une trace de lui en nous, en simple\u00a0code binaire, sur le site du comit\u00e9 d\u00e9partemental de sp\u00e9l\u00e9ologie de Haute-Sa\u00f4ne. Pour qu&rsquo;il survive \u00e0\u00a0notre m\u00e9moire individuelle qui va vieillir, se d\u00e9former et disparaitre aussi, puisque nous sommes mortels.<\/p>\n<p>Il a su par ses qualit\u00e9s d&rsquo;\u00e2me, amener de nombreux sp\u00e9l\u00e9os \u00e0 la plong\u00e9e souterraine. Parce\u00a0qu&rsquo;il y avait dans son\u00a0regard sauvage, la\u00a0fougue rebelle de l&rsquo;\u00e9corch\u00e9 et la s\u00e9r\u00e9nit\u00e9\u00a0du vieux sage. Comment parvenir \u00e0\u00a0r\u00e9unir des dimensions de l&rsquo;existence aussi \u00e9loign\u00e9es ? Sylvain les conjuguait. Et nous donnait une furieuse envie d&rsquo;atteindre cet \u00e9tat, en plongeant sous terre, comme lui. En participant un petit moment de notre vie, \u00e0 sa ligne de vie.<\/p>\n<div id='gallery-1' class='gallery galleryid-138 gallery-columns-3 gallery-size-large'><figure class='gallery-item'>\n\t\t\t<div class='gallery-icon landscape'>\n\t\t\t\t<a href='http:\/\/speleo70.fr\/?attachment_id=152'><img width=\"1024\" height=\"614\" src=\"http:\/\/speleo70.fr\/wp-content\/uploads\/2019\/02\/VOL5790-1024x614.jpg\" class=\"attachment-large size-large\" alt=\"\" decoding=\"async\" loading=\"lazy\" aria-describedby=\"gallery-1-152\" srcset=\"http:\/\/speleo70.fr\/wp-content\/uploads\/2019\/02\/VOL5790.jpg 1024w, http:\/\/speleo70.fr\/wp-content\/uploads\/2019\/02\/VOL5790-300x180.jpg 300w\" sizes=\"(max-width: 1024px) 100vw, 1024px\" \/><\/a>\n\t\t\t<\/div>\n\t\t\t\t<figcaption class='wp-caption-text gallery-caption' id='gallery-1-152'>\n\t\t\t\tEn 2013 Sylvain Redoutey allait d\u00e9poser une balise dans le r\u00e9seau pendant qu&rsquo;on le radiolocalisait. Il nous explique qu&rsquo;il y a un passage \u00e9troit de la juste largeur de ses \u00e9paules.\n\t\t\t\t<\/figcaption><\/figure><figure class='gallery-item'>\n\t\t\t<div class='gallery-icon portrait'>\n\t\t\t\t<a href='http:\/\/speleo70.fr\/?attachment_id=154'><img width=\"614\" height=\"1024\" src=\"http:\/\/speleo70.fr\/wp-content\/uploads\/2019\/02\/VOL5814-614x1024.jpg\" class=\"attachment-large size-large\" alt=\"\" decoding=\"async\" loading=\"lazy\" aria-describedby=\"gallery-1-154\" srcset=\"http:\/\/speleo70.fr\/wp-content\/uploads\/2019\/02\/VOL5814.jpg 614w, http:\/\/speleo70.fr\/wp-content\/uploads\/2019\/02\/VOL5814-180x300.jpg 180w\" sizes=\"(max-width: 614px) 100vw, 614px\" \/><\/a>\n\t\t\t<\/div>\n\t\t\t\t<figcaption class='wp-caption-text gallery-caption' id='gallery-1-154'>\n\t\t\t\tS&rsquo;habiller chaudement et lentement Il fait 28 \u00b0C dehors, 6 \u00b0C dans l&rsquo;eau..\n\t\t\t\t<\/figcaption><\/figure><figure class='gallery-item'>\n\t\t\t<div class='gallery-icon portrait'>\n\t\t\t\t<a href='http:\/\/speleo70.fr\/?attachment_id=155'><img width=\"614\" height=\"1024\" src=\"http:\/\/speleo70.fr\/wp-content\/uploads\/2019\/02\/VOL5815-614x1024.jpg\" class=\"attachment-large size-large\" alt=\"\" decoding=\"async\" loading=\"lazy\" aria-describedby=\"gallery-1-155\" srcset=\"http:\/\/speleo70.fr\/wp-content\/uploads\/2019\/02\/VOL5815.jpg 614w, http:\/\/speleo70.fr\/wp-content\/uploads\/2019\/02\/VOL5815-180x300.jpg 180w\" sizes=\"(max-width: 614px) 100vw, 614px\" \/><\/a>\n\t\t\t<\/div>\n\t\t\t\t<figcaption class='wp-caption-text gallery-caption' id='gallery-1-155'>\n\t\t\t\tChaque geste est un dialogue avec soi.\n\t\t\t\t<\/figcaption><\/figure><figure class='gallery-item'>\n\t\t\t<div class='gallery-icon landscape'>\n\t\t\t\t<a href='http:\/\/speleo70.fr\/?attachment_id=156'><img width=\"1024\" height=\"614\" src=\"http:\/\/speleo70.fr\/wp-content\/uploads\/2019\/02\/VOL5821-1024x614.jpg\" class=\"attachment-large size-large\" alt=\"\" decoding=\"async\" loading=\"lazy\" aria-describedby=\"gallery-1-156\" srcset=\"http:\/\/speleo70.fr\/wp-content\/uploads\/2019\/02\/VOL5821.jpg 1024w, http:\/\/speleo70.fr\/wp-content\/uploads\/2019\/02\/VOL5821-300x180.jpg 300w\" sizes=\"(max-width: 1024px) 100vw, 1024px\" \/><\/a>\n\t\t\t<\/div>\n\t\t\t\t<figcaption class='wp-caption-text gallery-caption' id='gallery-1-156'>\n\t\t\t\tEt l&rsquo;aide des copains est essentielle pour se poser dans le contexte.\n\t\t\t\t<\/figcaption><\/figure><figure class='gallery-item'>\n\t\t\t<div class='gallery-icon portrait'>\n\t\t\t\t<a href='http:\/\/speleo70.fr\/?attachment_id=157'><img width=\"614\" height=\"1024\" src=\"http:\/\/speleo70.fr\/wp-content\/uploads\/2019\/02\/VOL5827-614x1024.jpg\" class=\"attachment-large size-large\" alt=\"\" decoding=\"async\" loading=\"lazy\" aria-describedby=\"gallery-1-157\" srcset=\"http:\/\/speleo70.fr\/wp-content\/uploads\/2019\/02\/VOL5827.jpg 614w, http:\/\/speleo70.fr\/wp-content\/uploads\/2019\/02\/VOL5827-180x300.jpg 180w\" sizes=\"(max-width: 614px) 100vw, 614px\" \/><\/a>\n\t\t\t<\/div>\n\t\t\t\t<figcaption class='wp-caption-text gallery-caption' id='gallery-1-157'>\n\t\t\t\tParfaire l&rsquo;arnachement.\n\t\t\t\t<\/figcaption><\/figure><figure class='gallery-item'>\n\t\t\t<div class='gallery-icon portrait'>\n\t\t\t\t<a href='http:\/\/speleo70.fr\/?attachment_id=159'><img width=\"614\" height=\"1024\" src=\"http:\/\/speleo70.fr\/wp-content\/uploads\/2019\/02\/VOL5834-614x1024.jpg\" class=\"attachment-large size-large\" alt=\"\" decoding=\"async\" loading=\"lazy\" aria-describedby=\"gallery-1-159\" srcset=\"http:\/\/speleo70.fr\/wp-content\/uploads\/2019\/02\/VOL5834.jpg 614w, http:\/\/speleo70.fr\/wp-content\/uploads\/2019\/02\/VOL5834-180x300.jpg 180w\" sizes=\"(max-width: 614px) 100vw, 614px\" \/><\/a>\n\t\t\t<\/div>\n\t\t\t\t<figcaption class='wp-caption-text gallery-caption' id='gallery-1-159'>\n\t\t\t\tV\u00e9rifier et checker son mat\u00e9riel.\n\t\t\t\t<\/figcaption><\/figure><figure class='gallery-item'>\n\t\t\t<div class='gallery-icon landscape'>\n\t\t\t\t<a href='http:\/\/speleo70.fr\/?attachment_id=153'><img width=\"1024\" height=\"614\" src=\"http:\/\/speleo70.fr\/wp-content\/uploads\/2019\/02\/VOL5806-1024x614.jpg\" class=\"attachment-large size-large\" alt=\"\" decoding=\"async\" loading=\"lazy\" aria-describedby=\"gallery-1-153\" srcset=\"http:\/\/speleo70.fr\/wp-content\/uploads\/2019\/02\/VOL5806.jpg 1024w, http:\/\/speleo70.fr\/wp-content\/uploads\/2019\/02\/VOL5806-300x180.jpg 300w\" sizes=\"(max-width: 1024px) 100vw, 1024px\" \/><\/a>\n\t\t\t<\/div>\n\t\t\t\t<figcaption class='wp-caption-text gallery-caption' id='gallery-1-153'>\n\t\t\t\tNe penser \u00e0 rien.\n\t\t\t\t<\/figcaption><\/figure><figure class='gallery-item'>\n\t\t\t<div class='gallery-icon portrait'>\n\t\t\t\t<a href='http:\/\/speleo70.fr\/?attachment_id=158'><img width=\"614\" height=\"1024\" src=\"http:\/\/speleo70.fr\/wp-content\/uploads\/2019\/02\/VOL5830-614x1024.jpg\" class=\"attachment-large size-large\" alt=\"\" decoding=\"async\" loading=\"lazy\" aria-describedby=\"gallery-1-158\" srcset=\"http:\/\/speleo70.fr\/wp-content\/uploads\/2019\/02\/VOL5830.jpg 614w, http:\/\/speleo70.fr\/wp-content\/uploads\/2019\/02\/VOL5830-180x300.jpg 180w\" sizes=\"(max-width: 614px) 100vw, 614px\" \/><\/a>\n\t\t\t<\/div>\n\t\t\t\t<figcaption class='wp-caption-text gallery-caption' id='gallery-1-158'>\n\t\t\t\tPenser \u00e0 tout.\n\t\t\t\t<\/figcaption><\/figure><figure class='gallery-item'>\n\t\t\t<div class='gallery-icon portrait'>\n\t\t\t\t<a href='http:\/\/speleo70.fr\/?attachment_id=161'><img width=\"614\" height=\"1024\" src=\"http:\/\/speleo70.fr\/wp-content\/uploads\/2019\/02\/VOL5854-614x1024.jpg\" class=\"attachment-large size-large\" alt=\"\" decoding=\"async\" loading=\"lazy\" aria-describedby=\"gallery-1-161\" srcset=\"http:\/\/speleo70.fr\/wp-content\/uploads\/2019\/02\/VOL5854.jpg 614w, http:\/\/speleo70.fr\/wp-content\/uploads\/2019\/02\/VOL5854-180x300.jpg 180w\" sizes=\"(max-width: 614px) 100vw, 614px\" \/><\/a>\n\t\t\t<\/div>\n\t\t\t\t<figcaption class='wp-caption-text gallery-caption' id='gallery-1-161'>\n\t\t\t\tSe mettre \u00e0 l&rsquo;eau.\n\t\t\t\t<\/figcaption><\/figure><figure class='gallery-item'>\n\t\t\t<div class='gallery-icon portrait'>\n\t\t\t\t<a href='http:\/\/speleo70.fr\/?attachment_id=160'><img width=\"614\" height=\"1024\" src=\"http:\/\/speleo70.fr\/wp-content\/uploads\/2019\/02\/VOL5843-614x1024.jpg\" class=\"attachment-large size-large\" alt=\"\" decoding=\"async\" loading=\"lazy\" aria-describedby=\"gallery-1-160\" srcset=\"http:\/\/speleo70.fr\/wp-content\/uploads\/2019\/02\/VOL5843.jpg 614w, http:\/\/speleo70.fr\/wp-content\/uploads\/2019\/02\/VOL5843-180x300.jpg 180w\" sizes=\"(max-width: 614px) 100vw, 614px\" \/><\/a>\n\t\t\t<\/div>\n\t\t\t\t<figcaption class='wp-caption-text gallery-caption' id='gallery-1-160'>\n\t\t\t\tR\u00e9peter mentalement les changement de directions.\n\t\t\t\t<\/figcaption><\/figure><figure class='gallery-item'>\n\t\t\t<div class='gallery-icon portrait'>\n\t\t\t\t<a href='http:\/\/speleo70.fr\/?attachment_id=162'><img width=\"614\" height=\"1024\" src=\"http:\/\/speleo70.fr\/wp-content\/uploads\/2019\/02\/VOL5882-614x1024.jpg\" class=\"attachment-large size-large\" alt=\"\" decoding=\"async\" loading=\"lazy\" aria-describedby=\"gallery-1-162\" srcset=\"http:\/\/speleo70.fr\/wp-content\/uploads\/2019\/02\/VOL5882.jpg 614w, http:\/\/speleo70.fr\/wp-content\/uploads\/2019\/02\/VOL5882-180x300.jpg 180w\" sizes=\"(max-width: 614px) 100vw, 614px\" \/><\/a>\n\t\t\t<\/div>\n\t\t\t\t<figcaption class='wp-caption-text gallery-caption' id='gallery-1-162'>\n\t\t\t\tLaisser les copains vous aider encore.\n\t\t\t\t<\/figcaption><\/figure><figure class='gallery-item'>\n\t\t\t<div class='gallery-icon landscape'>\n\t\t\t\t<a href='http:\/\/speleo70.fr\/?attachment_id=164'><img width=\"1024\" height=\"614\" src=\"http:\/\/speleo70.fr\/wp-content\/uploads\/2019\/02\/VOL5890-1024x614.jpg\" class=\"attachment-large size-large\" alt=\"\" decoding=\"async\" loading=\"lazy\" aria-describedby=\"gallery-1-164\" srcset=\"http:\/\/speleo70.fr\/wp-content\/uploads\/2019\/02\/VOL5890.jpg 1024w, http:\/\/speleo70.fr\/wp-content\/uploads\/2019\/02\/VOL5890-300x180.jpg 300w\" sizes=\"(max-width: 1024px) 100vw, 1024px\" \/><\/a>\n\t\t\t<\/div>\n\t\t\t\t<figcaption class='wp-caption-text gallery-caption' id='gallery-1-164'>\n\t\t\t\tJusqu&rsquo;au dernier d\u00e9tail.\n\t\t\t\t<\/figcaption><\/figure><figure class='gallery-item'>\n\t\t\t<div class='gallery-icon landscape'>\n\t\t\t\t<a href='http:\/\/speleo70.fr\/?attachment_id=163'><img width=\"1024\" height=\"614\" src=\"http:\/\/speleo70.fr\/wp-content\/uploads\/2019\/02\/VOL5887-1024x614.jpg\" class=\"attachment-large size-large\" alt=\"\" decoding=\"async\" loading=\"lazy\" aria-describedby=\"gallery-1-163\" srcset=\"http:\/\/speleo70.fr\/wp-content\/uploads\/2019\/02\/VOL5887.jpg 1024w, http:\/\/speleo70.fr\/wp-content\/uploads\/2019\/02\/VOL5887-300x180.jpg 300w\" sizes=\"(max-width: 1024px) 100vw, 1024px\" \/><\/a>\n\t\t\t<\/div>\n\t\t\t\t<figcaption class='wp-caption-text gallery-caption' id='gallery-1-163'>\n\t\t\t\tLe voir partir.\n\t\t\t\t<\/figcaption><\/figure><figure class='gallery-item'>\n\t\t\t<div class='gallery-icon landscape'>\n\t\t\t\t<a href='http:\/\/speleo70.fr\/?attachment_id=165'><img width=\"1024\" height=\"614\" src=\"http:\/\/speleo70.fr\/wp-content\/uploads\/2019\/02\/VOL5944-1024x614.jpg\" class=\"attachment-large size-large\" alt=\"\" decoding=\"async\" loading=\"lazy\" aria-describedby=\"gallery-1-165\" srcset=\"http:\/\/speleo70.fr\/wp-content\/uploads\/2019\/02\/VOL5944.jpg 1024w, http:\/\/speleo70.fr\/wp-content\/uploads\/2019\/02\/VOL5944-300x180.jpg 300w\" sizes=\"(max-width: 1024px) 100vw, 1024px\" \/><\/a>\n\t\t\t<\/div>\n\t\t\t\t<figcaption class='wp-caption-text gallery-caption' id='gallery-1-165'>\n\t\t\t\tEt revenir avec le regard sauvage.\n\t\t\t\t<\/figcaption><\/figure><figure class='gallery-item'>\n\t\t\t<div class='gallery-icon landscape'>\n\t\t\t\t<a href='http:\/\/speleo70.fr\/?attachment_id=166'><img width=\"1024\" height=\"614\" src=\"http:\/\/speleo70.fr\/wp-content\/uploads\/2019\/02\/VOL5946-1024x614.jpg\" class=\"attachment-large size-large\" alt=\"\" decoding=\"async\" loading=\"lazy\" aria-describedby=\"gallery-1-166\" srcset=\"http:\/\/speleo70.fr\/wp-content\/uploads\/2019\/02\/VOL5946.jpg 1024w, http:\/\/speleo70.fr\/wp-content\/uploads\/2019\/02\/VOL5946-300x180.jpg 300w\" sizes=\"(max-width: 1024px) 100vw, 1024px\" \/><\/a>\n\t\t\t<\/div>\n\t\t\t\t<figcaption class='wp-caption-text gallery-caption' id='gallery-1-166'>\n\t\t\t\tUn petit bout de dent de \u2026 (dinosaure ?)\n\t\t\t\t<\/figcaption><\/figure><figure class='gallery-item'>\n\t\t\t<div class='gallery-icon landscape'>\n\t\t\t\t<a href='http:\/\/speleo70.fr\/?attachment_id=167'><img width=\"1024\" height=\"614\" src=\"http:\/\/speleo70.fr\/wp-content\/uploads\/2019\/02\/VOL6009-1024x614.jpg\" class=\"attachment-large size-large\" alt=\"\" decoding=\"async\" loading=\"lazy\" aria-describedby=\"gallery-1-167\" srcset=\"http:\/\/speleo70.fr\/wp-content\/uploads\/2019\/02\/VOL6009.jpg 1024w, http:\/\/speleo70.fr\/wp-content\/uploads\/2019\/02\/VOL6009-300x180.jpg 300w\" sizes=\"(max-width: 1024px) 100vw, 1024px\" \/><\/a>\n\t\t\t<\/div>\n\t\t\t\t<figcaption class='wp-caption-text gallery-caption' id='gallery-1-167'>\n\t\t\t\tDes explications tout en se d\u00e9lestant de ses 40 kg de mat\u00e9riel.\n\t\t\t\t<\/figcaption><\/figure><figure class='gallery-item'>\n\t\t\t<div class='gallery-icon portrait'>\n\t\t\t\t<a href='http:\/\/speleo70.fr\/?attachment_id=168'><img width=\"614\" height=\"1024\" src=\"http:\/\/speleo70.fr\/wp-content\/uploads\/2019\/02\/VOL6049-614x1024.jpg\" class=\"attachment-large size-large\" alt=\"\" decoding=\"async\" loading=\"lazy\" aria-describedby=\"gallery-1-168\" srcset=\"http:\/\/speleo70.fr\/wp-content\/uploads\/2019\/02\/VOL6049.jpg 614w, http:\/\/speleo70.fr\/wp-content\/uploads\/2019\/02\/VOL6049-180x300.jpg 180w\" sizes=\"(max-width: 614px) 100vw, 614px\" \/><\/a>\n\t\t\t<\/div>\n\t\t\t\t<figcaption class='wp-caption-text gallery-caption' id='gallery-1-168'>\n\t\t\t\tSi son histoire vit encore, c&rsquo;est qu&rsquo;il n&rsquo;est pas mort encore. \n\t\t\t\t<\/figcaption><\/figure>\n\t\t<\/div>\n\n","protected":false},"excerpt":{"rendered":"<p>Une demande d&rsquo;autorisation au CDS70 est n\u00e9cessaire pour plonger au Frais Puits cds70@ffspeleo.fr &#8211; T\u00e9l. 06 37 60 29 85 (V\u00e9ronique OLIVIER) Les conditions pour plonger sont : \u00catre affili\u00e9 \u00e0 une f\u00e9d\u00e9ration \u00a0: FFS ou FFESSM Plonger avec un \u00e9quipement redondant Avoir un fil de 50 m et 2 s\u00e9cateurs Porter 2 \u00e9clairages sur [&hellip;]<\/p>\n","protected":false},"author":1,"featured_media":151,"parent":0,"menu_order":0,"comment_status":"closed","ping_status":"closed","template":"","meta":[],"_links":{"self":[{"href":"http:\/\/speleo70.fr\/index.php?rest_route=\/wp\/v2\/pages\/138"}],"collection":[{"href":"http:\/\/speleo70.fr\/index.php?rest_route=\/wp\/v2\/pages"}],"about":[{"href":"http:\/\/speleo70.fr\/index.php?rest_route=\/wp\/v2\/types\/page"}],"author":[{"embeddable":true,"href":"http:\/\/speleo70.fr\/index.php?rest_route=\/wp\/v2\/users\/1"}],"replies":[{"embeddable":true,"href":"http:\/\/speleo70.fr\/index.php?rest_route=%2Fwp%2Fv2%2Fcomments&post=138"}],"version-history":[{"count":15,"href":"http:\/\/speleo70.fr\/index.php?rest_route=\/wp\/v2\/pages\/138\/revisions"}],"predecessor-version":[{"id":178,"href":"http:\/\/speleo70.fr\/index.php?rest_route=\/wp\/v2\/pages\/138\/revisions\/178"}],"wp:featuredmedia":[{"embeddable":true,"href":"http:\/\/speleo70.fr\/index.php?rest_route=\/wp\/v2\/media\/151"}],"wp:attachment":[{"href":"http:\/\/speleo70.fr\/index.php?rest_route=%2Fwp%2Fv2%2Fmedia&parent=138"}],"curies":[{"name":"wp","href":"https:\/\/api.w.org\/{rel}","templated":true}]}}