{"id":111,"date":"2017-04-15T08:02:56","date_gmt":"2017-04-15T07:02:56","guid":{"rendered":"http:\/\/speleo70.fr\/?page_id=111"},"modified":"2019-02-03T16:44:28","modified_gmt":"2019-02-03T15:44:28","slug":"ecole-de-speleo","status":"publish","type":"page","link":"http:\/\/speleo70.fr\/?page_id=111","title":{"rendered":"\u00c9cole de Sp\u00e9l\u00e9ologie"},"content":{"rendered":"<h4>L&rsquo;\u00e9cole d\u00e9partementale de sp\u00e9l\u00e9ologie (EDS) organise une sortie par mois.<\/h4>\n<p>Vous pouvez inscrire votre enfant\u00a0\u00a0aupr\u00e8s de Damien, t\u00e9l.\u00a007 87 27 71 46.<\/p>\n<p>L&rsquo;\u00e9cole de Sp\u00e9l\u00e9ologie suit le calendrier scolaire, les adh\u00e9sions commencent en septembre, mais vous pouvez rejoindre notre \u00e9cole \u00e0 tout moment de l&rsquo;ann\u00e9e.<\/p>\n<p>Vous pouvez retrouver les\u00a0exploits des apprentis aventuriers sur leur blog : <a href=\"http:\/\/eds70.over-blog.com\">eds70.over-blog.com<\/a><\/p>\n<figure id=\"attachment_113\" aria-describedby=\"caption-attachment-113\" style=\"width: 225px\" class=\"wp-caption alignleft\"><a href=\"http:\/\/speleo70.fr\/wp-content\/uploads\/2017\/04\/17757325_1480491638661549_2497354173779438757_n.jpg\"><img decoding=\"async\" loading=\"lazy\" class=\"wp-image-113 size-medium\" src=\"http:\/\/speleo70.fr\/wp-content\/uploads\/2017\/04\/17757325_1480491638661549_2497354173779438757_n-225x300.jpg\" alt=\"utilisation du descendeur\" width=\"225\" height=\"300\" srcset=\"http:\/\/speleo70.fr\/wp-content\/uploads\/2017\/04\/17757325_1480491638661549_2497354173779438757_n-225x300.jpg 225w, http:\/\/speleo70.fr\/wp-content\/uploads\/2017\/04\/17757325_1480491638661549_2497354173779438757_n.jpg 720w\" sizes=\"(max-width: 225px) 100vw, 225px\" \/><\/a><figcaption id=\"caption-attachment-113\" class=\"wp-caption-text\">On apprend \u00e0 la lumi\u00e8re avant de descendre dans sa premi\u00e8re cavit\u00e9.<\/figcaption><\/figure>\n<p>Dix \u00e0 douze\u00a0enfants de 12 \u00e0 17 ans sont inscrits chaque ann\u00e9e.<\/p>\n<p><strong>La sp\u00e9l\u00e9ologie est un sport d&rsquo;aventure qui fait grandir les enfants dans leur\u00a0t\u00eate avec leur\u00a0corps.<\/strong><\/p>\n<p>L&rsquo;entraide et la solidarit\u00e9 sont des comp\u00e9tences essentielles que les enfants et adolescents pratiquent tout au long de leurs activit\u00e9s au sein de l&rsquo;\u00e9cole d\u00e9partementale de sp\u00e9l\u00e9ologie.<\/p>\n<p>Les s\u00e9ances sont dirig\u00e9es\u00a0par des sp\u00e9l\u00e9ologues confirm\u00e9s et form\u00e9s \u00e0 l&rsquo;encadrement.<\/p>\n<p>La session\u00a02018\/2019 est compl\u00e8te et compte 10 \u00e9l\u00e8ves dont 3 jeunes filles !<\/p>\n<p>&nbsp;<\/p>\n<p>&nbsp;<\/p>\n<p>&nbsp;<\/p>\n<ul>\n<li>Observer et comprendre les paysages souterrains<\/li>\n<li>Aborder la g\u00e9ologie et la karstologie<\/li>\n<li>Explorer les r\u00e9seaux karstiques du secteur Doubs et\u00a0Haute-Sa\u00f4ne<\/li>\n<li>Techniques sur cordes<\/li>\n<li>Techniques de progression (meandres, rivi\u00e8res\u2026)<\/li>\n<\/ul>\n<p>&nbsp;<\/p>\n<figure id=\"attachment_125\" aria-describedby=\"caption-attachment-125\" style=\"width: 225px\" class=\"wp-caption alignleft\"><a href=\"http:\/\/speleo70.fr\/wp-content\/uploads\/2017\/04\/P4100098.jpg\"><img decoding=\"async\" loading=\"lazy\" class=\"wp-image-125 size-medium\" src=\"http:\/\/speleo70.fr\/wp-content\/uploads\/2017\/04\/P4100098-e1492358603443-225x300.jpg\" alt=\"A la d\u00e9couverte du r\u00e9seau du Chaland\" width=\"225\" height=\"300\" srcset=\"http:\/\/speleo70.fr\/wp-content\/uploads\/2017\/04\/P4100098-e1492358603443-225x300.jpg 225w, http:\/\/speleo70.fr\/wp-content\/uploads\/2017\/04\/P4100098-e1492358603443-768x1024.jpg 768w\" sizes=\"(max-width: 225px) 100vw, 225px\" \/><\/a><figcaption id=\"caption-attachment-125\" class=\"wp-caption-text\">A la d\u00e9couverte du r\u00e9seau du Chaland<\/figcaption><\/figure>\n<p>&nbsp;<\/p>\n<p>&nbsp;<\/p>\n<ul>\n<li>D\u00e9couvrir la faune sp\u00e9cifique (Nyphargus, scoliopt\u00e9ryx, oreillards\u2026)<\/li>\n<li>Acqu\u00e9rir une autonomie corporelle (\u00e9quilibre, force, agilit\u00e9)<\/li>\n<li>Savoir se rep\u00e9rer dans l&rsquo;espace et le temps<\/li>\n<li>Apprendre \u00e0 d\u00e9cider et \u00e0 choisir<\/li>\n<li>D\u00e9velopper la solidarit\u00e9 et la mutualisation dans le groupe<\/li>\n<\/ul>\n<p>&nbsp;<\/p>\n<p>&nbsp;<\/p>\n<p>&nbsp;<\/p>\n","protected":false},"excerpt":{"rendered":"<p>L&rsquo;\u00e9cole d\u00e9partementale de sp\u00e9l\u00e9ologie (EDS) organise une sortie par mois. Vous pouvez inscrire votre enfant\u00a0\u00a0aupr\u00e8s de Damien, t\u00e9l.\u00a007 87 27 71 46. L&rsquo;\u00e9cole de Sp\u00e9l\u00e9ologie suit le calendrier scolaire, les adh\u00e9sions commencent en septembre, mais vous pouvez rejoindre notre \u00e9cole \u00e0 tout moment de l&rsquo;ann\u00e9e. Vous pouvez retrouver les\u00a0exploits des apprentis aventuriers sur leur blog [&hellip;]<\/p>\n","protected":false},"author":1,"featured_media":0,"parent":0,"menu_order":0,"comment_status":"closed","ping_status":"closed","template":"","meta":[],"_links":{"self":[{"href":"http:\/\/speleo70.fr\/index.php?rest_route=\/wp\/v2\/pages\/111"}],"collection":[{"href":"http:\/\/speleo70.fr\/index.php?rest_route=\/wp\/v2\/pages"}],"about":[{"href":"http:\/\/speleo70.fr\/index.php?rest_route=\/wp\/v2\/types\/page"}],"author":[{"embeddable":true,"href":"http:\/\/speleo70.fr\/index.php?rest_route=\/wp\/v2\/users\/1"}],"replies":[{"embeddable":true,"href":"http:\/\/speleo70.fr\/index.php?rest_route=%2Fwp%2Fv2%2Fcomments&post=111"}],"version-history":[{"count":14,"href":"http:\/\/speleo70.fr\/index.php?rest_route=\/wp\/v2\/pages\/111\/revisions"}],"predecessor-version":[{"id":144,"href":"http:\/\/speleo70.fr\/index.php?rest_route=\/wp\/v2\/pages\/111\/revisions\/144"}],"wp:attachment":[{"href":"http:\/\/speleo70.fr\/index.php?rest_route=%2Fwp%2Fv2%2Fmedia&parent=111"}],"curies":[{"name":"wp","href":"https:\/\/api.w.org\/{rel}","templated":true}]}}